{"id":153,"date":"2019-06-14T12:07:31","date_gmt":"2019-06-14T12:07:31","guid":{"rendered":"http:\/\/neue-baumpflege.de\/?page_id=153"},"modified":"2019-06-14T12:07:31","modified_gmt":"2019-06-14T12:07:31","slug":"impressum-datenschutz","status":"publish","type":"page","link":"http:\/\/neue-baumpflege.de\/?page_id=153","title":{"rendered":"Impressum &#038; Datenschutz"},"content":{"rendered":"\n<p><strong>Anbieterkennzeichnung gem\u00e4\u00df \u00a7 5 TMG<\/strong><\/p>\n\n\n\n<p><strong>Anschrift<\/strong> <\/p>\n\n\n\n<p>Arbeitsgemeinschaft Neue Baumpflege e.V.<\/p>\n\n\n\n<p>Rudolf- Breitscheid- Stra\u00dfe 7<\/p>\n\n\n\n<p>09487 Schlettau<\/p>\n\n\n\n<p> <\/p>\n\n\n\n<p><strong>Kommunikation<\/strong><\/p>\n\n\n\n<p>Telefon: 03733 23152<\/p>\n\n\n\n<p>E-Mail: neuebaumpflege@googlemail.com<\/p>\n\n\n\n<p>Internet: <a href=\"http:\/\/www.neue-baumpflege.de\">http:\/\/www.neue-baumpflege.de<\/a><\/p>\n\n\n\n<p> <\/p>\n\n\n\n<p><strong>Inhaltlich Verantwortlicher gem\u00e4\u00df \u00a7 55 Rundfunkstaatsvertrag (RStV):<\/strong><\/p>\n\n\n\n<p>Hendrik Wagler, Rudolf- Breitscheid- Stra\u00dfe 7, 09487 Schlettau<\/p>\n\n\n\n<p> <\/p>\n\n\n\n<p><strong>Vereinsregisternummer:<\/strong><\/p>\n\n\n\n<p>VR 11250 Amtsgericht Frankfurt am Main<\/p>\n\n\n\n<p> <\/p>\n\n\n\n<h2 class=\"wp-block-heading\"><strong>Datenschutz<\/strong><\/h2>\n\n\n\n<p><strong>Datenschutzerkl\u00e4rung<\/strong><\/p>\n\n\n\n<p>Datenschutz<br>\nNachfolgend m\u00f6chten wir Sie \u00fcber unsere Datenschutzerkl\u00e4rung informieren. Sie finden hier Informationen \u00fcber die Erhebung und Verwendung pers\u00f6nlicher Daten bei der Nutzung unserer Website. Wir beachten dabei das f\u00fcr Deutschland geltende Datenschutzrecht. Sie k\u00f6nnen diese Erkl\u00e4rung jederzeit auf unserer Website abrufen.<br>\nWir weisen ausdr\u00fccklich darauf hin, dass die Daten\u00fcbertragung im Internet (z.B. bei der Kommunikation per E-Mail) Sicherheitsl\u00fccken aufweisen und nicht l\u00fcckenlos vor dem Zugriff durch Dritte gesch\u00fctzt werden kann. <\/p>\n\n\n\n<p>Die Verwendung der Kontaktdaten unseres Impressums zur gewerblichen Werbung ist ausdr\u00fccklich nicht erw\u00fcnscht, es sei denn wir hatten zuvor unsere schriftliche Einwilligung erteilt oder es besteht bereits eine Gesch\u00e4ftsbeziehung. Der Anbieter und alle auf dieser Website genannten Personen widersprechen hiermit jeder kommerziellen Verwendung und Weitergabe ihrer Daten.<\/p>\n\n\n\n<p>Personenbezogene Daten<br>\nSie k\u00f6nnen unsere Website ohne Angabe personenbezogener Daten besuchen. <br>\nDer Host unserer Website, die STRATO AG speichert IP-Adressen der Webseitenbesucher in sogenannte Logfiles zur Erkennung und Abwehr von Angriffen. Diese Speicherung gilt maximal sieben Tage.<br>\nSoweit Sie uns zum Zwecke der Kontaktaufnahme personenbezogene Daten (wie Name, Anschrift, oder E-Mail Adresse) \u00fcbermitteln, erfolgt dies, auf freiwilliger Basis. Diese Daten werden ohne Ihre ausdr\u00fcckliche Zustimmung nicht an Dritte weitergegeben. Sofern zwischen Ihnen und uns ein Vertragsverh\u00e4ltnis begr\u00fcndet, inhaltlich ausgestaltet oder ver\u00e4ndert werden soll oder Sie an uns eine Anfrage stellen, erheben und verwenden wir personenbezogene Daten von Ihnen, soweit dies zu diesem Zwecke erforderlich ist (Bestandsdaten). <\/p>\n\n\n\n<p>Wir erheben, verarbeiten und nutzen personenbezogene Daten soweit dies erforderlich ist, um Ihnen die Inanspruchnahme unseres Angebots zu erm\u00f6glichen (Nutzungsdaten). S\u00e4mtlich personenbezogene Daten werden nur solange gespeichert wie dies f\u00fcr den genannten Zweck (Bearbeitung Ihrer Anfrage oder Abwicklung eines Vertrags) erforderlich ist. Hierbei werden steuer- und handelsrechtliche Aufbewahrungsfristen ber\u00fccksichtigt. Auf Anordnung der zust\u00e4ndigen Stellen d\u00fcrfen wir im Einzelfall Auskunft \u00fcber diese Daten (Bestandsdaten) erteilen, soweit dies f\u00fcr Zwecke der Strafverfolgung, zur Gefahrenabwehr, zur Erf\u00fcllung der gesetzlichen Aufgaben der Verfassungsschutzbeh\u00f6rden oder des Milit\u00e4rischen Abschirmdienstes oder zur Durchsetzung der Rechte am geistigen Eigentum erforderlich ist. <\/p>\n\n\n\n<p>Auskunftsrecht<br> Sie haben das jederzeitige Recht, sich unentgeltlich und unverz\u00fcglich \u00fcber die zu Ihrer Person erhobenen Daten zu erkundigen. Sie haben das jederzeitige Recht, Ihre Zustimmung zur Verwendung Ihrer angegebenen pers\u00f6nlichen Daten mit Wirkung f\u00fcr die Zukunft zu widerrufen. Zur Auskunftserteilung wenden Sie sich bitte an den Anbieter unter den Kontaktdaten im Impressum.<\/p>\n\n\n\n<p> <\/p>\n\n\n\n<p>Quelle: <a href=\"http:\/\/www.impressum-recht.de\">www.impressum-recht.de<\/a> <\/p>\n","protected":false},"excerpt":{"rendered":"<p>Anbieterkennzeichnung gem\u00e4\u00df \u00a7 5 TMG Anschrift Arbeitsgemeinschaft Neue Baumpflege e.V. Rudolf- Breitscheid- Stra\u00dfe 7 09487 Schlettau Kommunikation Telefon: 03733 23152 E-Mail: neuebaumpflege@googlemail.com Internet: http:\/\/www.neue-baumpflege.de Inhaltlich Verantwortlicher gem\u00e4\u00df \u00a7 55 Rundfunkstaatsvertrag (RStV): Hendrik Wagler, Rudolf- Breitscheid- Stra\u00dfe 7, 09487 Schlettau Vereinsregisternummer: VR 11250 Amtsgericht Frankfurt am Main Datenschutz Datenschutzerkl\u00e4rung Datenschutz Nachfolgend m\u00f6chten wir Sie \u00fcber unsere Datenschutzerkl\u00e4rung informieren. Sie finden hier Informationen \u00fcber die Erhebung und Verwendung pers\u00f6nlicher Daten bei der Nutzung unserer Website. Wir beachten dabei das f\u00fcr Deutschland geltende&#8230;<\/p>\n<p class=\"read-more\"><a class=\"btn btn-default\" href=\"http:\/\/neue-baumpflege.de\/?page_id=153\">Weiterlesen<span class=\"screen-reader-text\"> Weiterlesen<\/span><\/a><\/p>\n","protected":false},"author":2,"featured_media":0,"parent":0,"menu_order":0,"comment_status":"closed","ping_status":"closed","template":"","meta":{"footnotes":""},"class_list":["post-153","page","type-page","status-publish","hentry"],"_links":{"self":[{"href":"http:\/\/neue-baumpflege.de\/index.php?rest_route=\/wp\/v2\/pages\/153","targetHints":{"allow":["GET"]}}],"collection":[{"href":"http:\/\/neue-baumpflege.de\/index.php?rest_route=\/wp\/v2\/pages"}],"about":[{"href":"http:\/\/neue-baumpflege.de\/index.php?rest_route=\/wp\/v2\/types\/page"}],"author":[{"embeddable":true,"href":"http:\/\/neue-baumpflege.de\/index.php?rest_route=\/wp\/v2\/users\/2"}],"replies":[{"embeddable":true,"href":"http:\/\/neue-baumpflege.de\/index.php?rest_route=%2Fwp%2Fv2%2Fcomments&post=153"}],"version-history":[{"count":6,"href":"http:\/\/neue-baumpflege.de\/index.php?rest_route=\/wp\/v2\/pages\/153\/revisions"}],"predecessor-version":[{"id":160,"href":"http:\/\/neue-baumpflege.de\/index.php?rest_route=\/wp\/v2\/pages\/153\/revisions\/160"}],"wp:attachment":[{"href":"http:\/\/neue-baumpflege.de\/index.php?rest_route=%2Fwp%2Fv2%2Fmedia&parent=153"}],"curies":[{"name":"wp","href":"https:\/\/api.w.org\/{rel}","templated":true}]}}