{"id":23,"date":"2019-06-01T12:02:40","date_gmt":"2019-06-01T12:02:40","guid":{"rendered":"http:\/\/neue-baumpflege.de\/?page_id=23"},"modified":"2019-07-05T13:30:44","modified_gmt":"2019-07-05T13:30:44","slug":"expertenpool","status":"publish","type":"page","link":"http:\/\/neue-baumpflege.de\/?page_id=23","title":{"rendered":"Expertenpool"},"content":{"rendered":"\n<h2 class=\"wp-block-heading\">Aus- und Weiterbildung<\/h2>\n\n\n\n<ul class=\"wp-block-list\"><li><a rel=\"noreferrer noopener\" aria-label=\" (\u00f6ffnet in neuem Tab)\" href=\"http:\/\/www.baumpflegeseminare.de\" target=\"_blank\"><strong>Vegetus Ausbilden direkt am Baum<\/strong>,<\/a> Thomas Ludwig, Wardenburg<\/li><li><a href=\"http:\/\/www.baumpflegeschule.com\"><strong>Baumpflegeschule Freiburg<\/strong><\/a>, Kay Busemann<\/li><li><a href=\"https:\/\/benk-baum.de\"><strong>Climbtech<\/strong><\/a>, Benk BAUM &amp; Boden Gmbh M\u00fchlheim<\/li><li><strong><a href=\"https:\/\/www.neuendorff-consulting.de\">Arne Neuendorff<\/a><\/strong>, Holzminden<\/li><li><a rel=\"noreferrer noopener\" aria-label=\" (\u00f6ffnet in neuem Tab)\" href=\"https:\/\/www.sv-wagler.de\/BAUM_LAND_HOLZ_Sachverstandigenburo\/Seminare.html\" target=\"_blank\"><strong>BAUM LAND HOLZ<\/strong> <\/a>Sachverst\u00e4ndigenb\u00fcro, Schlettau <\/li><li><a href=\"http:\/\/www.dergesundebaum.de\"><strong>Sachverst\u00e4ndigenb\u00fcro Der gesunde Baum<\/strong><\/a>, Dr. J\u00fcrgen Kutscheidt, T\u00f6nisvorst<\/li><\/ul>\n\n\n\n<h2 class=\"wp-block-heading\">Baumpflege<\/h2>\n\n\n\n<ul class=\"wp-block-list\"><li><a rel=\"noreferrer noopener\" aria-label=\" (\u00f6ffnet in neuem Tab)\" href=\"http:\/\/neue-baumpflege.de\/?page_id=22\" target=\"_blank\"><strong>Adressliste<\/strong><\/a><\/li><\/ul>\n\n\n\n<h2 class=\"wp-block-heading\">Baumveteranen, Methusalemb\u00e4ume<\/h2>\n\n\n\n<ul class=\"wp-block-list\"><li><strong>Baumpflege Schmeller<\/strong>, Karlsruhe<\/li><li><a href=\"https:\/\/baumpflege-funck.de\"><strong>Baumpflege &amp; Sachverst\u00e4ndigenb\u00fcro<\/strong><\/a> Philipp Funck, Schwalmstadt<\/li><li><strong><a href=\"https:\/\/www.sv-wagler.de\/BAUM_LAND_HOLZ_Sachverstandigenburo\/BAUM_LAND_HOLZ.html\">BAUM LAND HOLZ Sachverst\u00e4ndigenb\u00fcro<\/a><\/strong>, Schlettau <\/li><li>Baumpflege Busemann, Kay Busemann, Freiburg <\/li><\/ul>\n\n\n\n<h2 class=\"wp-block-heading\">Baumkrankheiten, Geh\u00f6lzpathologie<\/h2>\n\n\n\n<ul class=\"wp-block-list\"><li><a href=\"https:\/\/baumpflege-funck.de\"><strong>Baumpflege &amp; Sachverst\u00e4ndigenb\u00fcro<\/strong><\/a><strong> <\/strong>Philipp Funck, Schwalmstadt<\/li><li><strong><a href=\"http:\/\/www.dergesundebaum.de\">Sachverst\u00e4ndigenb\u00fcro<\/a><\/strong><a href=\"http:\/\/www.dergesundebaum.de\"> <\/a><strong><a href=\"http:\/\/www.dergesundebaum.de\">Der gesunde Baum<\/a><\/strong>, Dr. J\u00fcrgen Kutscheidt, T\u00f6nisvorst <\/li><li>Baumpflege Bre\u00dfler, Frank Bre\u00dfler, Worms<\/li><li><a rel=\"noreferrer noopener\" href=\"http:\/\/www.baumpflegeseminare.de\" target=\"_blank\"><strong>Vegetus Ausbilden direkt am Baum<\/strong>,<\/a> Thomas Ludwig, Wardenburg<\/li><\/ul>\n\n\n\n<h2 class=\"wp-block-heading\">Baumhabitate &amp; Artenschutz<\/h2>\n\n\n\n<ul class=\"wp-block-list\"><li><strong>Baumpflege Schmeller<\/strong>, Peter Schmeller, Karlsruhe<\/li><li><a href=\"https:\/\/baumpflege-funck.de\"><strong>Baumpflege &amp; Sachverst\u00e4ndigenb\u00fcro<\/strong><\/a> Philipp Funck, Schwalmstadt<\/li><li><a href=\"https:\/\/www.sv-wagler.de\/BAUM_LAND_HOLZ_Sachverstandigenburo\/BAUM_LAND_HOLZ.html\"><strong>BAUM LAND HOLZ Sachverst\u00e4ndigenb\u00fcro<\/strong><\/a>, Hendrik Wagler, Schlettau <\/li><li><a href=\"http:\/\/www.zweigwerk-baumpflege.de\"><strong>Zweigwerk<\/strong><\/a>, Baumpflege Schwengels, Beverungen<\/li><li>Baumpflege Busemann, Kay Busemann, Freiburg <\/li><li>Baumpflege Bre\u00dfler, Frank Bre\u00dfler, Worms<\/li><li><a rel=\"noreferrer noopener\" href=\"http:\/\/www.baumpflegeseminare.de\" target=\"_blank\"><strong>Vegetus Ausbilden direkt am Baum<\/strong>,<\/a> Thomas Ludwig, Wardenburg<\/li><\/ul>\n\n\n\n<h2 class=\"wp-block-heading\">Boden, Mykorrhiza &amp; Wurzelraumsanierung<\/h2>\n\n\n\n<ul class=\"wp-block-list\"><li><strong><a href=\"http:\/\/www.dergesundebaum.de\">Sachverst\u00e4ndigenb\u00fcro Der gesunde Baum<\/a><\/strong>, Dr. J\u00fcrgen Kutscheidt, T\u00f6nisvorst <\/li><li><a href=\"https:\/\/benk-baum.de\"><strong>Benk Baum &amp; Boden Gmbh<\/strong><\/a>, M\u00fchlheim<\/li><li><a href=\"http:\/\/www.klettermaxe.com\"><strong>Klettermaxe<\/strong><\/a>, Stefan Artmann, Wesel<\/li><li><a href=\"http:\/\/www.zweigwerk-baumpflege.de\"><strong>Zweigwerk<\/strong><\/a>, Baumpflege Schwengels, Beverungen<\/li><li><strong><a href=\"http:\/\/www.wirth-wiener.de\">Wirth &amp; Wiener GmbH<\/a><\/strong>, Chemnitz<\/li><li>Baumpflege Bre\u00dfler, Frank Bre\u00dfler, Worms<\/li><li><a rel=\"noreferrer noopener\" href=\"http:\/\/www.baumpflegeseminare.de\" target=\"_blank\"><strong>Vegetus Ausbilden direkt am Baum<\/strong>,<\/a> Thomas Ludwig, Wardenburg<\/li><\/ul>\n\n\n\n<h2 class=\"wp-block-heading\">Baumkontrolle<\/h2>\n\n\n\n<ul class=\"wp-block-list\"><li><strong><a href=\"https:\/\/deppner-baumpflege.de\">Baumpflege Deppner<\/a><\/strong>, Andreas Deppner, Dresden<\/li><li><strong><a rel=\"noreferrer noopener\" aria-label=\" (\u00f6ffnet in neuem Tab)\" href=\"http:\/\/www.baumpflege-behnke.de\" target=\"_blank\">Behnke Baumpflege GmbH<\/a><\/strong>, Karl Behnke,  Br\u00fcggen<\/li><li><a href=\"http:\/\/www.baumgutachter-wirth.de\"><strong>Gutachterb\u00fcro Wirth<\/strong><\/a>, Carsten Wirth, Chemnitz<\/li><li><a href=\"https:\/\/baumpflege-funck.de\"><strong>Baumpflege &amp; Sachverst\u00e4ndigenb\u00fcro<\/strong><\/a> Philipp Funck, Schwalmstadt<\/li><li><strong><a href=\"https:\/\/baumpfleger-speyer.de\">Baumpflege und Sachverst\u00e4ndigenb\u00fcro<\/a><\/strong>, Michael Ziegler,  Speyer<\/li><li><a href=\"http:\/\/www.zweigwerk-baumpflege.de\"><strong>Zweigwerk<\/strong><\/a>, Baumpflege Schwengels, Beverungen<\/li><li><a href=\"https:\/\/www.sv-wagler.de\/BAUM_LAND_HOLZ_Sachverstandigenburo\/BAUM_LAND_HOLZ.html\"><strong>BAUM LAND HOLZ Sachverst\u00e4ndigenb\u00fcro<\/strong><\/a>, Schlettau <\/li><li><a href=\"http:\/\/www.dergesundebaum.de\"><strong>Sachverst\u00e4ndigenb\u00fcro Der gesunde Baum<\/strong><\/a>, Dr. J\u00fcrgen Kutscheidt, T\u00f6nisvorst<\/li><li>Baumpflege Busemann, Kay Busemann, Freiburg <\/li><li>Baumpflege Bre\u00dfler, Frank Bre\u00dfler, Worms<\/li><li><a rel=\"noreferrer noopener\" href=\"http:\/\/www.baumpflegeseminare.de\" target=\"_blank\"><strong>Vegetus Ausbilden direkt am Baum<\/strong>,<\/a> Thomas Ludwig, Wardenburg<\/li><\/ul>\n\n\n\n<h2 class=\"wp-block-heading\">Forst, Saatguternte<\/h2>\n\n\n\n<ul class=\"wp-block-list\"><li><a href=\"http:\/\/www.zweigwerk-baumpflege.de\"><strong>Zweigwerk<\/strong><\/a>, Baumpflege Schwengels, Beverungen<\/li><li><a href=\"http:\/\/baumpflegeteam.org\"><strong>Baumpflege Busemann<\/strong><\/a>, Freiburg<\/li><li><a href=\"https:\/\/www.dahoizknecht.de\"><strong>da Hoizknecht<\/strong><\/a>, Hannawies<\/li><li>Baumpflege Busemann, Kay Busemann, Freiburg <\/li><\/ul>\n\n\n\n<h2 class=\"wp-block-heading\">Normen &amp; Regelwerke<\/h2>\n\n\n\n<ul class=\"wp-block-list\"><li><a href=\"http:\/\/www.baumpflege-benk.de\"><strong>J\u00f6rn Benk<\/strong><\/a>, M\u00fclheim<\/li><li><a href=\"https:\/\/baumpflege-funck.de\"><strong>Philipp Funck<\/strong><\/a>, Schwalmstadt<\/li><li><a href=\"http:\/\/www.dergesundebaum.de\"><strong>J\u00fcrgen Kutscheidt<\/strong><\/a>, Krefeld<\/li><li><strong><a href=\"https:\/\/www.neuendorff-consulting.de\">Arne Neuendorff<\/a><\/strong>, Holzminden<\/li><li><a href=\"https:\/\/www.sv-wagler.de\/BAUM_LAND_HOLZ_Sachverstandigenburo\/BAUM_LAND_HOLZ.html\"><strong>Hendrik Wagler<\/strong><\/a>, Schlettau<\/li><li>Kay Busemann, Freiburg<\/li><li>Thomas Ludwig, Wardenburg<\/li><li><\/li><\/ul>\n\n\n\n<h2 class=\"wp-block-heading\">Spezielle Arbeitstechniken<\/h2>\n\n\n\n<h6 class=\"wp-block-heading\">z. B. Baumf\u00e4llung mit Kran- oder Helikopterunterst\u00fctzung<\/h6>\n\n\n\n<ul class=\"wp-block-list\"><li><a href=\"http:\/\/www.zweigwerk-baumpflege.de\"><strong>Zweigwerk<\/strong><\/a>, Baumpflege Schwengels, Beverungen<\/li><li><strong>Baumpflege Schmeller<\/strong>, Karlsruhe<\/li><li><a href=\"http:\/\/baumpflegeteam.org\"><strong>Baumpflege Busemann<\/strong><\/a>,  Freiburg<\/li><li><strong><a href=\"http:\/\/www.wirth-wiener.de\">Wirth &amp; Wiener GmbH<\/a><\/strong>, Chemnitz <\/li><li>Baumpflege Bre\u00dfler, Frank Bre\u00dfler, Worms<\/li><\/ul>\n\n\n\n<h2 class=\"wp-block-heading\">Gutachten, Sachverst\u00e4ndigent\u00e4tigkeit<\/h2>\n\n\n\n<ul class=\"wp-block-list\"><li><strong><a href=\"https:\/\/deppner-baumpflege.de\">Baumpflege Deppner<\/a><\/strong>, Andreas Deppner, Dresden<\/li><li><a href=\"http:\/\/www.baumgutachter-wirth.de\"><strong>Gutachterb\u00fcro Wirth<\/strong><\/a>, Carsten Wirth, Chemnitz<\/li><li><a href=\"https:\/\/baumpflege-funck.de\"><strong>Baumpflege &amp; Sachverst\u00e4ndigenb\u00fcro<\/strong><\/a> Philipp Funck, Schwalmstadt<\/li><li><strong><a href=\"https:\/\/baumpfleger-speyer.de\">Baumpflege und Sachverst\u00e4ndigenb\u00fcro<\/a><\/strong>, Michael Ziegler,  Speyer<\/li><li><a href=\"http:\/\/www.zweigwerk-baumpflege.de\"><strong>Zweigwerk<\/strong><\/a>, Baumpflege Schwengels, Beverungen<\/li><li><a href=\"https:\/\/www.sv-wagler.de\/BAUM_LAND_HOLZ_Sachverstandigenburo\/BAUM_LAND_HOLZ.html\"><strong>BAUM LAND HOLZ Sachverst\u00e4ndigenb\u00fcro<\/strong><\/a>, Schlettau<\/li><li>Baumpflege Busemann, Kay Busemann, Freiburg <\/li><li>Sachverst\u00e4ndigenb\u00fcro Dr. J. Kutscheid, Krefeld<\/li><li>Baumpflege Bre\u00dfler, Frank Bre\u00dfler, Worms<\/li><li><a rel=\"noreferrer noopener\" href=\"http:\/\/www.baumpflegeseminare.de\" target=\"_blank\"><strong>Vegetus Ausbilden direkt am Baum<\/strong>,<\/a> Thomas Ludwig, Wardenburg<\/li><\/ul>\n\n\n\n<h2 class=\"wp-block-heading\">\u00f6bv. Sachverst\u00e4ndige<\/h2>\n\n\n\n<ul class=\"wp-block-list\"><li><a href=\"https:\/\/deppner-baumpflege.de\"><strong>Andreas Deppner<\/strong><\/a>, Dresden <\/li><li><a href=\"http:\/\/www.baumgutachter-wirth.de\"><strong>Carsten Wirth<\/strong><\/a>, Chemnitz <\/li><li><a href=\"https:\/\/www.sv-wagler.de\/BAUM_LAND_HOLZ_Sachverstandigenburo\/BAUM_LAND_HOLZ.html\"><strong>Hendrik Wagler<\/strong><\/a>, Schlettau <\/li><li><a href=\"http:\/\/www.baumpflegeseminare.de\/html\/baumgutachtenthomasludwig.html\"><strong>Thomas Ludwig<\/strong><\/a>, Wardenburg <\/li><\/ul>\n\n\n\n<h2 class=\"wp-block-heading\">Wurzel- Boden-Interaktion<\/h2>\n\n\n\n<ul class=\"wp-block-list\"><li><a href=\"https:\/\/baumpflege-funck.de\"><strong>Baumpflege &amp; Sachverst\u00e4ndigenb\u00fcro<\/strong><\/a> Philipp Funck, Schwalmstadt<\/li><li><strong><a href=\"http:\/\/www.dergesundebaum.de\">Sachverst\u00e4ndigenb\u00fcro<\/a><\/strong><a href=\"http:\/\/www.dergesundebaum.de\"> <\/a><strong><a href=\"http:\/\/www.dergesundebaum.de\">Der gesunde Baum<\/a><\/strong>, Dr. J\u00fcrgen Kutscheidt, T\u00f6nisvorst <\/li><li><a href=\"https:\/\/benk-baum.de\"><strong>Benk Baum &amp; Boden Gmbh<\/strong><\/a>, M\u00fchlheim<\/li><li><a href=\"http:\/\/www.klettermaxe.com\"><strong>Klettermaxe<\/strong><\/a>, Stefan Artmann, Wesel<\/li><li><a href=\"https:\/\/www.sv-wagler.de\/BAUM_LAND_HOLZ_Sachverstandigenburo\/BAUM_LAND_HOLZ.html\"><strong>BAUM LAND HOLZ Sachverst\u00e4ndigenb\u00fcro<\/strong><\/a>, Schlettau <\/li><\/ul>\n\n\n\n<h2 class=\"wp-block-heading\">Wissenschaft, Forschung<\/h2>\n\n\n\n<ul class=\"wp-block-list\"><li><a href=\"https:\/\/baumpflege-funck.de\"><strong>Baumpflege &amp; Sachverst\u00e4ndigenb\u00fcro<\/strong><\/a> Philipp Funck, Schwalmstadt<\/li><li><strong><a href=\"http:\/\/www.dergesundebaum.de\">Sachverst\u00e4ndigenb\u00fcro Der gesunde Baum<\/a><\/strong>, Dr. J\u00fcrgen Kutscheidt, T\u00f6nisvorst <\/li><li><a href=\"https:\/\/benk-baum.de\"><strong>Benk Baum &amp; Boden Gmbh<\/strong><\/a>, M\u00fchlheim<\/li><li><a href=\"http:\/\/www.klettermaxe.com\"><strong>Klettermaxe<\/strong><\/a>, Stefan Artmann, Wesel<\/li><li>Baumpflege Busemann, Kay Busemann, Freiburg <\/li><\/ul>\n","protected":false},"excerpt":{"rendered":"<p>Baumpflege Adressliste Baumveteranen, Methusalemb\u00e4ume Baumpflege Schmeller, Karlsruhe Baumpflege &amp; Sachverst\u00e4ndigenb\u00fcro Philipp Funck, Schwalmstadt BAUM LAND HOLZ Sachverst\u00e4ndigenb\u00fcro, Schlettau Baumpflege Busemann, Kay Busemann, Freiburg Baumkrankheiten, Geh\u00f6lzpathologie Baumpflege &amp; Sachverst\u00e4ndigenb\u00fcro Philipp Funck, Schwalmstadt Sachverst\u00e4ndigenb\u00fcro Der gesunde Baum, Dr. J\u00fcrgen Kutscheidt, T\u00f6nisvorst Baumpflege Bre\u00dfler, Frank Bre\u00dfler, Worms Vegetus Ausbilden direkt am Baum, Thomas Ludwig, Wardenburg Baumhabitate &amp; Artenschutz Baumpflege Schmeller, Peter Schmeller, Karlsruhe Baumpflege &amp; Sachverst\u00e4ndigenb\u00fcro Philipp Funck, Schwalmstadt BAUM LAND HOLZ Sachverst\u00e4ndigenb\u00fcro, Hendrik Wagler, Schlettau Zweigwerk, Baumpflege Schwengels, Beverungen Baumpflege Busemann, Kay&#8230;<\/p>\n<p class=\"read-more\"><a class=\"btn btn-default\" href=\"http:\/\/neue-baumpflege.de\/?page_id=23\">Weiterlesen<span class=\"screen-reader-text\"> Weiterlesen<\/span><\/a><\/p>\n","protected":false},"author":1,"featured_media":0,"parent":25,"menu_order":0,"comment_status":"closed","ping_status":"closed","template":"","meta":{"footnotes":""},"class_list":["post-23","page","type-page","status-publish","hentry"],"_links":{"self":[{"href":"http:\/\/neue-baumpflege.de\/index.php?rest_route=\/wp\/v2\/pages\/23","targetHints":{"allow":["GET"]}}],"collection":[{"href":"http:\/\/neue-baumpflege.de\/index.php?rest_route=\/wp\/v2\/pages"}],"about":[{"href":"http:\/\/neue-baumpflege.de\/index.php?rest_route=\/wp\/v2\/types\/page"}],"author":[{"embeddable":true,"href":"http:\/\/neue-baumpflege.de\/index.php?rest_route=\/wp\/v2\/users\/1"}],"replies":[{"embeddable":true,"href":"http:\/\/neue-baumpflege.de\/index.php?rest_route=%2Fwp%2Fv2%2Fcomments&post=23"}],"version-history":[{"count":24,"href":"http:\/\/neue-baumpflege.de\/index.php?rest_route=\/wp\/v2\/pages\/23\/revisions"}],"predecessor-version":[{"id":206,"href":"http:\/\/neue-baumpflege.de\/index.php?rest_route=\/wp\/v2\/pages\/23\/revisions\/206"}],"up":[{"embeddable":true,"href":"http:\/\/neue-baumpflege.de\/index.php?rest_route=\/wp\/v2\/pages\/25"}],"wp:attachment":[{"href":"http:\/\/neue-baumpflege.de\/index.php?rest_route=%2Fwp%2Fv2%2Fmedia&parent=23"}],"curies":[{"name":"wp","href":"https:\/\/api.w.org\/{rel}","templated":true}]}}