{"id":20,"date":"2019-06-01T12:02:40","date_gmt":"2019-06-01T12:02:40","guid":{"rendered":"http:\/\/neue-baumpflege.de\/?page_id=20"},"modified":"2019-06-06T17:34:26","modified_gmt":"2019-06-06T17:34:26","slug":"ueber-uns","status":"publish","type":"page","link":"https:\/\/neue-baumpflege.de\/?page_id=20","title":{"rendered":"\u00dcber uns"},"content":{"rendered":"<p>Die Arbeitsgemeinschaft Neue Baumpflege e. V. ist ein Verband von professionellen Baumpflegern, Sachverst\u00e4ndigen und Wissenschaftlern, kurz Baumexperten, aus ganz Deutschland.<\/p>\n<p>Seit Gr\u00fcndung im Jahre 1991 ist es unser Anliegen das Verst\u00e4ndnis f\u00fcr das Lebewesen BAUM zu f\u00f6rdern und in der praktischen Baumpflege umzusetzen.<\/p>\n<p>Hierzu stehen wir an der Schnittstelle zwischen Forschung und Praxis.<\/p>\n<p>In Seminaren, in Fachsymposien und Ver\u00f6ffentlichungen widmen wir uns dem Transfer von Fachwissen, in der Mitarbeit an Regelwerken und der Erarbeitung von Standards an der Implementierung des Selben in die Praxis der Baumpflege.<\/p>\n<p>Mit einigen unserer Projekte konnten wir so wesentliche Impulse f\u00fcr die Entwicklung der Baumpflege in Deutschland setzen.<\/p>\n","protected":false},"excerpt":{"rendered":"<p>Die Arbeitsgemeinschaft Neue Baumpflege e. V. ist ein Verband von professionellen Baumpflegern, Sachverst\u00e4ndigen und Wissenschaftlern, kurz Baumexperten, aus ganz Deutschland. Seit Gr\u00fcndung im Jahre 1991 ist es unser Anliegen das Verst\u00e4ndnis f\u00fcr das Lebewesen BAUM zu f\u00f6rdern und in der praktischen Baumpflege umzusetzen. Hierzu stehen wir an der Schnittstelle zwischen Forschung und Praxis. In Seminaren, in Fachsymposien und Ver\u00f6ffentlichungen widmen wir uns dem Transfer von Fachwissen, in der Mitarbeit an Regelwerken und der Erarbeitung von Standards an der Implementierung des&#8230;<\/p>\n<p class=\"read-more\"><a class=\"btn btn-default\" href=\"https:\/\/neue-baumpflege.de\/?page_id=20\">Weiterlesen<span class=\"screen-reader-text\"> Weiterlesen<\/span><\/a><\/p>\n","protected":false},"author":1,"featured_media":0,"parent":25,"menu_order":0,"comment_status":"closed","ping_status":"closed","template":"","meta":{"footnotes":""},"class_list":["post-20","page","type-page","status-publish","hentry"],"_links":{"self":[{"href":"https:\/\/neue-baumpflege.de\/index.php?rest_route=\/wp\/v2\/pages\/20","targetHints":{"allow":["GET"]}}],"collection":[{"href":"https:\/\/neue-baumpflege.de\/index.php?rest_route=\/wp\/v2\/pages"}],"about":[{"href":"https:\/\/neue-baumpflege.de\/index.php?rest_route=\/wp\/v2\/types\/page"}],"author":[{"embeddable":true,"href":"https:\/\/neue-baumpflege.de\/index.php?rest_route=\/wp\/v2\/users\/1"}],"replies":[{"embeddable":true,"href":"https:\/\/neue-baumpflege.de\/index.php?rest_route=%2Fwp%2Fv2%2Fcomments&post=20"}],"version-history":[{"count":4,"href":"https:\/\/neue-baumpflege.de\/index.php?rest_route=\/wp\/v2\/pages\/20\/revisions"}],"predecessor-version":[{"id":131,"href":"https:\/\/neue-baumpflege.de\/index.php?rest_route=\/wp\/v2\/pages\/20\/revisions\/131"}],"up":[{"embeddable":true,"href":"https:\/\/neue-baumpflege.de\/index.php?rest_route=\/wp\/v2\/pages\/25"}],"wp:attachment":[{"href":"https:\/\/neue-baumpflege.de\/index.php?rest_route=%2Fwp%2Fv2%2Fmedia&parent=20"}],"curies":[{"name":"wp","href":"https:\/\/api.w.org\/{rel}","templated":true}]}}