{"id":21,"date":"2019-06-01T12:02:40","date_gmt":"2019-06-01T12:02:40","guid":{"rendered":"http:\/\/neue-baumpflege.de\/?page_id=21"},"modified":"2019-06-06T15:49:57","modified_gmt":"2019-06-06T15:49:57","slug":"projekte","status":"publish","type":"page","link":"https:\/\/neue-baumpflege.de\/?page_id=21","title":{"rendered":"Projekte"},"content":{"rendered":"\n<p>Einige unserer Projekte<\/p>\n\n\n\n<ul class=\"wp-block-gallery columns-3 is-cropped wp-block-gallery-1 is-layout-flex wp-block-gallery-is-layout-flex\"><li class=\"blocks-gallery-item\"><figure><img loading=\"lazy\" decoding=\"async\" width=\"1024\" height=\"768\" src=\"http:\/\/neue-baumpflege.de\/wp-content\/uploads\/2019\/06\/IMG_1532-1024x768.jpeg\" alt=\"\" data-id=\"43\" data-link=\"http:\/\/neue-baumpflege.de\/?attachment_id=43\" class=\"wp-image-43\" srcset=\"https:\/\/neue-baumpflege.de\/wp-content\/uploads\/2019\/06\/IMG_1532-1024x768.jpeg 1024w, https:\/\/neue-baumpflege.de\/wp-content\/uploads\/2019\/06\/IMG_1532-300x225.jpeg 300w, https:\/\/neue-baumpflege.de\/wp-content\/uploads\/2019\/06\/IMG_1532-768x576.jpeg 768w, https:\/\/neue-baumpflege.de\/wp-content\/uploads\/2019\/06\/IMG_1532-360x270.jpeg 360w\" sizes=\"auto, (max-width: 1024px) 100vw, 1024px\" \/><\/figure><\/li><li class=\"blocks-gallery-item\"><figure><img loading=\"lazy\" decoding=\"async\" width=\"1024\" height=\"768\" src=\"http:\/\/neue-baumpflege.de\/wp-content\/uploads\/2019\/06\/IMG_1539-1024x768.jpeg\" alt=\"\" data-id=\"44\" data-link=\"http:\/\/neue-baumpflege.de\/?attachment_id=44\" class=\"wp-image-44\" srcset=\"https:\/\/neue-baumpflege.de\/wp-content\/uploads\/2019\/06\/IMG_1539-1024x768.jpeg 1024w, https:\/\/neue-baumpflege.de\/wp-content\/uploads\/2019\/06\/IMG_1539-300x225.jpeg 300w, https:\/\/neue-baumpflege.de\/wp-content\/uploads\/2019\/06\/IMG_1539-768x576.jpeg 768w, https:\/\/neue-baumpflege.de\/wp-content\/uploads\/2019\/06\/IMG_1539-360x270.jpeg 360w\" sizes=\"auto, (max-width: 1024px) 100vw, 1024px\" \/><\/figure><\/li><li class=\"blocks-gallery-item\"><figure><img loading=\"lazy\" decoding=\"async\" width=\"1024\" height=\"490\" src=\"http:\/\/neue-baumpflege.de\/wp-content\/uploads\/2019\/06\/IMG_6721-1024x490.jpeg\" alt=\"\" data-id=\"45\" data-link=\"http:\/\/neue-baumpflege.de\/?attachment_id=45\" class=\"wp-image-45\" srcset=\"https:\/\/neue-baumpflege.de\/wp-content\/uploads\/2019\/06\/IMG_6721-1024x490.jpeg 1024w, https:\/\/neue-baumpflege.de\/wp-content\/uploads\/2019\/06\/IMG_6721-300x144.jpeg 300w, https:\/\/neue-baumpflege.de\/wp-content\/uploads\/2019\/06\/IMG_6721-768x368.jpeg 768w, https:\/\/neue-baumpflege.de\/wp-content\/uploads\/2019\/06\/IMG_6721-564x270.jpeg 564w\" sizes=\"auto, (max-width: 1024px) 100vw, 1024px\" \/><\/figure><\/li><\/ul>\n\n\n\n<h2 class=\"wp-block-heading\">2016 Flyer Artenschutz in der Baumpflege<\/h2>\n\n\n\n<p>Vorstellung des Flyers &#8222;Artenschutz in der Baumpflege&#8220; auf den Augsburger Baumpflegetagen<\/p>\n\n\n\n<h2 class=\"wp-block-heading\">2014 Fachsymposium Methusalemb\u00e4ume Bernried&nbsp;<\/h2>\n\n\n\n<p>In Kooperation mit der Tr\u00e4gergemeinschaft &#8222;Bernrieder Vorsprung&#8220; und  Brudi &amp; Partner Tree Consult und dem Bayrischen Naturschutzfonds wurde das Bernrieder Fachsymposium unter dem Motto &#8222;Naturerbe bewahren &#8211; Am Beispiel der Bernrieder Methusalemb\u00e4ume&#8220;  wurde im Januar 2014 das Fachsymposium unter Beteiligung von 89 Fachfirmen und -verb\u00e4nden durchgef\u00fchrt. <\/p>\n\n\n\n<p>Ergebnis: Adaption der Bernrieder Biodiverst\u00e4tsmatrix durch die Arge Neue Baumpflege e.V., Herausgabe &#8222;Naturerbe Baumriesen&#8220; &#8211; Ratgeberfibel f\u00fcr Altbaum-Eigent\u00fcmer, Baumpfleger und Interessierte, Erarbeitung eines  Flyers zum Thema &#8222;Artenschutz in der Baumpflege&#8220;  <\/p>\n\n\n\n<h2 class=\"wp-block-heading\">2010 G\u00fctesicherung f\u00fcr die Baumpflege<\/h2>\n\n\n\n<p>Initative f\u00fcr eine G\u00fctesicherung in der Baumpflege, in Zusammenarbeit mit weiteren beteiligten Fachverb\u00e4nden der Baumpflege und dem RAL Dachverband<\/p>\n\n\n\n<p>Ergebnis: Gr\u00fcndung der RAL &#8211; G\u00fctegemeinschaft Baumpflege e. V.<\/p>\n\n\n\n<h2 class=\"wp-block-heading\">2009 Umfrage zum Verst\u00e4ndnis des Umfanges von Kroneneink\u00fcrzungen und zur Qualifikation in der Baumpflege auf den Augsburger Baumpflegetagen<\/h2>\n\n\n\n<p>Im Ergebnis der Umfrage best\u00e4tigt sich, dass der Umfang einer Kroneneink\u00fcrzung \u00fcberwiegend als Eink\u00fcrzung in der H\u00f6he und Breite der Krone verstanden wird. Damit wird die entsprechende Regelung in der ZTV-Baumpflege in der Praxis (entgegen teilweise anderslautender Auffassung) doch richtig verstanden und angewendet.<\/p>\n\n\n\n<p>In Bezug auf die in der Baumpflege vertretenen, vielf\u00e4ltigen  Qualifikationen wird ein Bedarf nach besserer Ausweisbarkeit von Fachfirmen am Markt erkennbar <\/p>\n\n\n\n<h2 class=\"wp-block-heading\">2007 Zertifizierter Baumkontrolleur<\/h2>\n\n\n\n<p>Abschluss der Initative zur Etablierung eines einheitlichen Ausbildungsstandards f\u00fcr&nbsp; die Baumkontrolle, in Zusammenarbeit mit weiteren beteiligten Fachverb\u00e4nden der Baumpflege und der FLL, Bonn<\/p>\n\n\n\n<p>Ergebnis: Implementierung einer Zertifizierungsordnung bei der FLL, Bonn<\/p>\n\n\n\n<h3 class=\"wp-block-heading\">1998 &#8211; 2001 Initiative zur Zulassung der Motors\u00e4ge im seilunterst\u00fctzten Arbeitsverfahren\/ SKT<\/h3>\n\n\n\n<p>&nbsp;Initative zur Zulassung der Verwendung der Motors\u00e4ge in der Seilklettertechnik, Erarbeitung von Ausbildungsinhalten und Sicherheitsstandards&nbsp;<\/p>\n\n\n\n<p>Ergebnis: Zulassung der MKS im Arbeitsverfahren, 2001 Implementierung in der GUV 23.6 und VSG 4.2<\/p>\n\n\n\n<h3 class=\"wp-block-heading\">2000 Allee 2000 &#8211; Millenium Avenues<\/h3>\n\n\n\n<p>Initiative zum Erhalt und Erneuerung landschaftspr\u00e4gender Baumallee, in Zusammenarbeit mit Millenium Avenues und regionalen&nbsp; Graswurzelbewegungen, z. B. Allenschutzgemeinschaft Brandenburg&nbsp; &nbsp;<\/p>\n\n\n\n<p>Ergebnis: Gr\u00fcndung Deutsche Alleenschutzgemeinschaft<\/p>\n","protected":false},"excerpt":{"rendered":"<p>Einige unserer Projekte 2016 Flyer Artenschutz in der Baumpflege Vorstellung des Flyers &#8222;Artenschutz in der Baumpflege&#8220; auf den Augsburger Baumpflegetagen 2014 Fachsymposium Methusalemb\u00e4ume Bernried&nbsp; In Kooperation mit der Tr\u00e4gergemeinschaft &#8222;Bernrieder Vorsprung&#8220; und Brudi &amp; Partner Tree Consult und dem Bayrischen Naturschutzfonds wurde das Bernrieder Fachsymposium unter dem Motto &#8222;Naturerbe bewahren &#8211; Am Beispiel der Bernrieder Methusalemb\u00e4ume&#8220; wurde im Januar 2014 das Fachsymposium unter Beteiligung von 89 Fachfirmen und -verb\u00e4nden durchgef\u00fchrt. Ergebnis: Adaption der Bernrieder Biodiverst\u00e4tsmatrix durch die Arge Neue Baumpflege&#8230;<\/p>\n<p class=\"read-more\"><a class=\"btn btn-default\" href=\"https:\/\/neue-baumpflege.de\/?page_id=21\">Weiterlesen<span class=\"screen-reader-text\"> Weiterlesen<\/span><\/a><\/p>\n","protected":false},"author":1,"featured_media":0,"parent":25,"menu_order":0,"comment_status":"closed","ping_status":"closed","template":"","meta":{"footnotes":""},"class_list":["post-21","page","type-page","status-publish","hentry"],"_links":{"self":[{"href":"https:\/\/neue-baumpflege.de\/index.php?rest_route=\/wp\/v2\/pages\/21","targetHints":{"allow":["GET"]}}],"collection":[{"href":"https:\/\/neue-baumpflege.de\/index.php?rest_route=\/wp\/v2\/pages"}],"about":[{"href":"https:\/\/neue-baumpflege.de\/index.php?rest_route=\/wp\/v2\/types\/page"}],"author":[{"embeddable":true,"href":"https:\/\/neue-baumpflege.de\/index.php?rest_route=\/wp\/v2\/users\/1"}],"replies":[{"embeddable":true,"href":"https:\/\/neue-baumpflege.de\/index.php?rest_route=%2Fwp%2Fv2%2Fcomments&post=21"}],"version-history":[{"count":17,"href":"https:\/\/neue-baumpflege.de\/index.php?rest_route=\/wp\/v2\/pages\/21\/revisions"}],"predecessor-version":[{"id":123,"href":"https:\/\/neue-baumpflege.de\/index.php?rest_route=\/wp\/v2\/pages\/21\/revisions\/123"}],"up":[{"embeddable":true,"href":"https:\/\/neue-baumpflege.de\/index.php?rest_route=\/wp\/v2\/pages\/25"}],"wp:attachment":[{"href":"https:\/\/neue-baumpflege.de\/index.php?rest_route=%2Fwp%2Fv2%2Fmedia&parent=21"}],"curies":[{"name":"wp","href":"https:\/\/api.w.org\/{rel}","templated":true}]}}