{"id":25,"date":"2019-06-01T12:02:40","date_gmt":"2019-06-01T12:02:40","guid":{"rendered":"http:\/\/neue-baumpflege.de\/?page_id=25"},"modified":"2019-06-02T20:14:31","modified_gmt":"2019-06-02T20:14:31","slug":"startseite","status":"publish","type":"page","link":"https:\/\/neue-baumpflege.de\/?page_id=25","title":{"rendered":"Neue Baumpflege"},"content":{"rendered":"\n<p>Die wissenschaftlichen Arbeiten von A.L. SHIGO waren in den fr\u00fchen 90er Jahren f\u00fcr viele engagierte Baumpfleger ein Impuls das Thema Baumpflege neu zu denken.&nbsp;<\/p>\n\n\n\n<p>Zu jener Zeit war die Baumpflege in gro\u00dfen Teilen gepr\u00e4gt von Vorstellungen, welche aus der Humanmedizin auf den Organismus BAUM \u00fcbertragen wurden.\u00a0 Durchaus getragen vom Bem\u00fchen B\u00e4ume zu erhalten und zu sichern zeigten die tradierten, oft intensiven \u201cbaumchirurgischen\u201d Ma\u00dfnahmen oft l\u00e4ngerfristig gegenteilige Effekte. \u00a0 \u00a0<\/p>\n\n\n\n<p>Der Ansatz der \u201cNeuen Baumpflege\u201d war im Gegensatz dazu von Beginn an das tiefere Verst\u00e4ndnis der nat\u00fcrlichen biologischen Prozesse und Potentiale des Lebewesens BAUM ausgerichtet.&nbsp;<\/p>\n\n\n\n<p>\u00a0So k\u00f6nnen bereits mit wenig intensiven,  schonenden Ma\u00dfnahmen die nat\u00fcrlichen Selbstheilungsprozesse und \u00dcberlebensstrategieen der B\u00e4ume gelenkt und gef\u00f6rdert werden. In einem ganzheitlichem Verst\u00e4ndnis werden hierbei sowohl das Umfeld des Baumes, insbesondere der Boden- und Wurzelraum, ebenso aber das Biotop BAUM in all seiner Vielfalt in die Betrachtung und Handlungsoptionen einbezogen.\u00a0<\/p>\n\n\n\n<p>Dabei m\u00fcssen wir unser Verst\u00e4ndnis und Handeln jedoch&nbsp; auch heute noch, im Lichte neuer Erkenntnisse, stetig hinterfragen.&nbsp; Immer mehr zeigt sich der BAUM als \u201cSuperorganismus\u201d, eine symbiotische Vergesellschaftung verschiedenster Organismen und gleichzeitig als \u201cKolonie\u201d genetisch durchaus differenzierter Entit\u00e4ten.&nbsp;<\/p>\n\n\n\n<p>Auf dieser Basis sind k\u00fcnftig \u00c4nderungen in der Auffassung von \u201cErkrankungen\u201d und \u201cSchadorganismen\u201d ebenso zu erwarten wie neue Behandlungsmethoden und M\u00f6glichkeiten zur Erhaltung und Sicherung von B\u00e4umen.<\/p>\n","protected":false},"excerpt":{"rendered":"<p>Die wissenschaftlichen Arbeiten von A.L. SHIGO waren in den fr\u00fchen 90er Jahren f\u00fcr viele engagierte Baumpfleger ein Impuls das Thema Baumpflege neu zu denken.&nbsp; Zu jener Zeit war die Baumpflege in gro\u00dfen Teilen gepr\u00e4gt von Vorstellungen, welche aus der Humanmedizin auf den Organismus BAUM \u00fcbertragen wurden.\u00a0 Durchaus getragen vom Bem\u00fchen B\u00e4ume zu erhalten und zu sichern zeigten die tradierten, oft intensiven \u201cbaumchirurgischen\u201d Ma\u00dfnahmen oft l\u00e4ngerfristig gegenteilige Effekte. \u00a0 \u00a0 Der Ansatz der \u201cNeuen Baumpflege\u201d war im Gegensatz dazu von Beginn&#8230;<\/p>\n<p class=\"read-more\"><a class=\"btn btn-default\" href=\"https:\/\/neue-baumpflege.de\/?page_id=25\">Weiterlesen<span class=\"screen-reader-text\"> Weiterlesen<\/span><\/a><\/p>\n","protected":false},"author":1,"featured_media":0,"parent":0,"menu_order":0,"comment_status":"closed","ping_status":"closed","template":"","meta":{"footnotes":""},"class_list":["post-25","page","type-page","status-publish","hentry"],"_links":{"self":[{"href":"https:\/\/neue-baumpflege.de\/index.php?rest_route=\/wp\/v2\/pages\/25","targetHints":{"allow":["GET"]}}],"collection":[{"href":"https:\/\/neue-baumpflege.de\/index.php?rest_route=\/wp\/v2\/pages"}],"about":[{"href":"https:\/\/neue-baumpflege.de\/index.php?rest_route=\/wp\/v2\/types\/page"}],"author":[{"embeddable":true,"href":"https:\/\/neue-baumpflege.de\/index.php?rest_route=\/wp\/v2\/users\/1"}],"replies":[{"embeddable":true,"href":"https:\/\/neue-baumpflege.de\/index.php?rest_route=%2Fwp%2Fv2%2Fcomments&post=25"}],"version-history":[{"count":4,"href":"https:\/\/neue-baumpflege.de\/index.php?rest_route=\/wp\/v2\/pages\/25\/revisions"}],"predecessor-version":[{"id":74,"href":"https:\/\/neue-baumpflege.de\/index.php?rest_route=\/wp\/v2\/pages\/25\/revisions\/74"}],"wp:attachment":[{"href":"https:\/\/neue-baumpflege.de\/index.php?rest_route=%2Fwp%2Fv2%2Fmedia&parent=25"}],"curies":[{"name":"wp","href":"https:\/\/api.w.org\/{rel}","templated":true}]}}